{"id":329,"date":"2026-04-25T09:30:35","date_gmt":"2026-04-25T09:30:35","guid":{"rendered":"https:\/\/cuanhuaangiaphat.com\/?page_id=329"},"modified":"2026-05-13T16:03:04","modified_gmt":"2026-05-13T09:03:04","slug":"lien-he","status":"publish","type":"page","link":"https:\/\/cuanhuaangiaphat.com\/?page_id=329","title":{"rendered":"lien-he"},"content":{"rendered":"\n<div class=\"row row-large row-full-width\"  id=\"row-156807490\">\n\n\n\t<div id=\"col-831224549\" class=\"col medium-7 large-7\"  >\n\t\t\t\t<div class=\"col-inner\"  >\n\t\t\t\n\t\t\t\n\n\t<div class=\"img has-hover x md-x lg-x y md-y lg-y\" id=\"image_132106298\">\n\t\t\t\t\t\t\t\t<div class=\"img-inner dark\" >\n\t\t\t<img loading=\"lazy\" decoding=\"async\" width=\"1020\" height=\"214\" src=\"https:\/\/cuanhuaangiaphat.com\/wp-content\/uploads\/2026\/04\/t_preview_rev_1-1024x215.png\" class=\"attachment-large size-large\" alt=\"\" srcset=\"https:\/\/cuanhuaangiaphat.com\/wp-content\/uploads\/2026\/04\/t_preview_rev_1-1024x215.png 1024w, https:\/\/cuanhuaangiaphat.com\/wp-content\/uploads\/2026\/04\/t_preview_rev_1-300x63.png 300w, https:\/\/cuanhuaangiaphat.com\/wp-content\/uploads\/2026\/04\/t_preview_rev_1-768x161.png 768w, https:\/\/cuanhuaangiaphat.com\/wp-content\/uploads\/2026\/04\/t_preview_rev_1-510x107.png 510w, https:\/\/cuanhuaangiaphat.com\/wp-content\/uploads\/2026\/04\/t_preview_rev_1.png 1093w\" sizes=\"auto, (max-width: 1020px) 100vw, 1020px\" \/>\t\t\t\t\t\t\n\t\t\t\t\t<\/div>\n\t\t\t\t\t\t\t\t\n<style>\n#image_132106298 {\n  width: 100%;\n}\n<\/style>\n\t<\/div>\n\t\n\n<p><strong><i class=\"fas fa-map-marker-alt\"><\/i>\u00a0<\/strong><strong>Showroom\u00a0<\/strong>: 1012 V\u00f5 V\u0103n Ki\u1ec7t, Ph\u01b0\u1eddng An \u0110\u00f4ng, Tp H\u1ed3 Ch\u00ed Minh<\/p>\n<p><strong><i class=\"fas fa-map-marker-alt\"><\/i>\u00a0<\/strong><strong>X\u01b0\u1edfng\u00a0<\/strong>: An Ph\u00fa T\u00e2y &#8211; H\u01b0ng Long, X\u00e3 H\u01b0ng Long, Tp H\u1ed3 Ch\u00ed Minh<\/p>\n<p><i class=\"fas fa-phone\"><\/i><strong>\u00a0T\u1ed5ng \u0111\u00e0i h\u1ed7 tr\u1ee3 \/ CSKH : 0909.731.640<\/strong><\/p>\n<p><i class=\"fa fa-globe\" aria-hidden=\"true\"><\/i>\u00a0<strong>Website: <\/strong><a href=\"https:\/\/cuanhuaangiaphat.com\">cuanhuaangiaphat.com\u00a0<\/a><\/p>\n<p><i class=\"fa fa-envelope\" aria-hidden=\"true\"><\/i>\u00a0<strong>Email:<\/strong> lienhe@cuanhuaangiaphat.com<\/p>\n<p><strong><i class=\"fab fa-facebook\"><\/i>\u00a0Facebook<\/strong>: https:\/\/www.facebook.com<\/p>\n\n\t\t<\/div>\n\t\t\t\t\t<\/div>\n\n\t\n\n\t<div id=\"col-651255704\" class=\"col medium-5 large-5\"  >\n\t\t\t\t<div class=\"col-inner\"  >\n\t\t\t\n\t\t\t\n\n\t<div id=\"gap-1245438988\" class=\"gap-element clearfix\" style=\"display:block; height:auto;\">\n\t\t\n<style>\n#gap-1245438988 {\n  padding-top: 5px;\n}\n<\/style>\n\t<\/div>\n\t\n\n\t<div id=\"gap-929616970\" class=\"gap-element clearfix\" style=\"display:block; height:auto;\">\n\t\t\n<style>\n#gap-929616970 {\n  padding-top: 5px;\n}\n<\/style>\n\t<\/div>\n\t\n\n<div class=\"container section-title-container\" ><h3 class=\"section-title section-title-normal\"><b aria-hidden=\"true\"><\/b><span class=\"section-title-main\" style=\"font-size:156%;color:#3e3d8e;\">Th\u00f4ng tin li\u00ean h\u1ec7<\/span><b aria-hidden=\"true\"><\/b><\/h3><\/div>\n\n\t<div id=\"text-3648003794\" class=\"text\">\n\t\t\n\n<blockquote>\n<p>Qu\u00fd kh\u00e1ch vui l\u00f2ng \u0111\u1ec3 l\u1ea1i th\u00f4ng tin ch\u00fang t\u00f4i s\u1ebd tr\u1ea3 l\u1eddi c\u00e2u h\u1ecfi c\u1ee7a Qu\u00fd kh\u00e1ch.<\/p>\n<\/blockquote>\n\t\t\n<style>\n#text-3648003794 {\n  font-size: 0.75rem;\n  line-height: 1.5;\n  color: rgb(156, 156, 156);\n}\n#text-3648003794 > * {\n  color: rgb(156, 156, 156);\n}\n<\/style>\n\t<\/div>\n\t\n\n<div class=\"wpcf7 no-js\" id=\"wpcf7-f557-o1\" lang=\"en-US\" dir=\"ltr\" data-wpcf7-id=\"557\">\n<div class=\"screen-reader-response\"><p role=\"status\" aria-live=\"polite\" aria-atomic=\"true\"><\/p> <ul><\/ul><\/div>\n<form action=\"\/index.php?rest_route=%2Fwp%2Fv2%2Fpages%2F329#wpcf7-f557-o1\" method=\"post\" class=\"wpcf7-form init\" aria-label=\"Contact form\" novalidate=\"novalidate\" data-status=\"init\">\n<fieldset class=\"hidden-fields-container\"><input type=\"hidden\" name=\"_wpcf7\" value=\"557\" \/><input type=\"hidden\" name=\"_wpcf7_version\" value=\"6.1.6\" \/><input type=\"hidden\" name=\"_wpcf7_locale\" value=\"en_US\" \/><input type=\"hidden\" name=\"_wpcf7_unit_tag\" value=\"wpcf7-f557-o1\" \/><input type=\"hidden\" name=\"_wpcf7_container_post\" value=\"0\" \/><input type=\"hidden\" name=\"_wpcf7_posted_data_hash\" value=\"\" \/>\n<\/fieldset>\n<div class=\"agp-modern-form\">\n\t<div class=\"agp-field-group\">\n\t\t<p><span class=\"wpcf7-form-control-wrap\" data-name=\"your-name\"><input size=\"40\" maxlength=\"400\" class=\"wpcf7-form-control wpcf7-text wpcf7-validates-as-required\" aria-required=\"true\" aria-invalid=\"false\" placeholder=\"H\u1ecd v\u00e0 t\u00ean *\" value=\"\" type=\"text\" name=\"your-name\" \/><\/span>\n\t\t<\/p>\n\t<\/div>\n\t<div class=\"agp-field-group\">\n\t\t<p><span class=\"wpcf7-form-control-wrap\" data-name=\"your-phone\"><input size=\"40\" maxlength=\"400\" class=\"wpcf7-form-control wpcf7-tel wpcf7-validates-as-required wpcf7-text wpcf7-validates-as-tel\" aria-required=\"true\" aria-invalid=\"false\" placeholder=\"S\u1ed1 \u0111i\u1ec7n tho\u1ea1i *\" value=\"\" type=\"tel\" name=\"your-phone\" \/><\/span>\n\t\t<\/p>\n\t<\/div>\n\t<div class=\"agp-field-group\">\n\t\t<p><span class=\"wpcf7-form-control-wrap\" data-name=\"your-email\"><input size=\"40\" maxlength=\"400\" class=\"wpcf7-form-control wpcf7-email wpcf7-validates-as-required wpcf7-text wpcf7-validates-as-email\" aria-required=\"true\" aria-invalid=\"false\" placeholder=\"\u0110\u1ecba ch\u1ec9 Email *\" value=\"\" type=\"email\" name=\"your-email\" \/><\/span>\n\t\t<\/p>\n\t<\/div>\n\t<div class=\"agp-field-group\">\n\t\t<p><span class=\"wpcf7-form-control-wrap\" data-name=\"your-message\"><textarea cols=\"40\" rows=\"10\" maxlength=\"2000\" class=\"wpcf7-form-control wpcf7-textarea\" aria-invalid=\"false\" placeholder=\"C\u00e2u h\u1ecfi c\u1ee7a b\u1ea1n...\" name=\"your-message\"><\/textarea><\/span>\n\t\t<\/p>\n\t<\/div>\n\t<div class=\"agp-button-group\">\n\t\t<p><input class=\"wpcf7-form-control wpcf7-submit has-spinner\" type=\"submit\" value=\"G\u1eecI Y\u00caU C\u1ea6U\" \/><br \/>\n<a href=\"https:\/\/zalo.me\/0909731640\" class=\"agp-zalo-btn\" target=\"_blank\">T\u01af V\u1ea4N TR\u1ef0C TI\u1ebeP<\/a>\n\t\t<\/p>\n\t<\/div>\n<\/div><p style=\"display: none !important;\" class=\"akismet-fields-container\" data-prefix=\"_wpcf7_ak_\"><label>&#916;<textarea name=\"_wpcf7_ak_hp_textarea\" cols=\"45\" rows=\"8\" maxlength=\"100\"><\/textarea><\/label><input type=\"hidden\" id=\"ak_js_1\" name=\"_wpcf7_ak_js\" value=\"177\"\/><script type=\"text\/javascript\">\n\/* <![CDATA[ *\/\ndocument.getElementById( \"ak_js_1\" ).setAttribute( \"value\", ( new Date() ).getTime() );\n\/* ]]> *\/\n<\/script>\n<\/p><div class=\"wpcf7-response-output\" aria-hidden=\"true\"><\/div>\n<\/form>\n<\/div>\n\n\n\n\t\t<\/div>\n\t\t\t\t\t<\/div>\n\n\t\n\n<\/div>\n\n","protected":false},"excerpt":{"rendered":"","protected":false},"author":2,"featured_media":0,"parent":0,"menu_order":0,"comment_status":"closed","ping_status":"closed","template":"","meta":{"footnotes":""},"class_list":["post-329","page","type-page","status-publish","hentry"],"_links":{"self":[{"href":"https:\/\/cuanhuaangiaphat.com\/index.php?rest_route=\/wp\/v2\/pages\/329","targetHints":{"allow":["GET"]}}],"collection":[{"href":"https:\/\/cuanhuaangiaphat.com\/index.php?rest_route=\/wp\/v2\/pages"}],"about":[{"href":"https:\/\/cuanhuaangiaphat.com\/index.php?rest_route=\/wp\/v2\/types\/page"}],"author":[{"embeddable":true,"href":"https:\/\/cuanhuaangiaphat.com\/index.php?rest_route=\/wp\/v2\/users\/2"}],"replies":[{"embeddable":true,"href":"https:\/\/cuanhuaangiaphat.com\/index.php?rest_route=%2Fwp%2Fv2%2Fcomments&post=329"}],"version-history":[{"count":18,"href":"https:\/\/cuanhuaangiaphat.com\/index.php?rest_route=\/wp\/v2\/pages\/329\/revisions"}],"predecessor-version":[{"id":986,"href":"https:\/\/cuanhuaangiaphat.com\/index.php?rest_route=\/wp\/v2\/pages\/329\/revisions\/986"}],"wp:attachment":[{"href":"https:\/\/cuanhuaangiaphat.com\/index.php?rest_route=%2Fwp%2Fv2%2Fmedia&parent=329"}],"curies":[{"name":"wp","href":"https:\/\/api.w.org\/{rel}","templated":true}]}}